{"id":2,"date":"2023-02-17T10:28:02","date_gmt":"2023-02-17T09:28:02","guid":{"rendered":"https:\/\/resign.cafedeichtraum.de\/?page_id=2"},"modified":"2026-04-13T13:57:42","modified_gmt":"2026-04-13T11:57:42","slug":"beispiel-seite","status":"publish","type":"page","link":"https:\/\/www.cafedeichtraum.de\/","title":{"rendered":"Startseite"},"content":{"rendered":"<p>[et_pb_section fb_built=&#8220;1&#8243; disabled_on=&#8220;off|off|off&#8220; admin_label=&#8220;Header Motiv &#8220; _builder_version=&#8220;4.21.0&#8243; _module_preset=&#8220;default&#8220; background_image=&#8220;https:\/\/www.cafe-deichtraum.de\/wp-content\/uploads\/2023\/05\/header_66630578_Ivonne_Wierink_Fotolia.com_2560x700px.jpg&#8220; background_position=&#8220;bottom_center&#8220; min_height=&#8220;620px&#8220; min_height_tablet=&#8220;620px&#8220; min_height_phone=&#8220;620px&#8220; min_height_last_edited=&#8220;on|desktop&#8220; box_shadow_style=&#8220;preset3&#8243; global_colors_info=&#8220;{}&#8220;][et_pb_row admin_label=&#8220;Zeile&#8220; _builder_version=&#8220;4.21.0&#8243; _module_preset=&#8220;default&#8220; transform_scale_tablet=&#8220;&#8220; transform_scale_phone=&#8220;&#8220; transform_scale_last_edited=&#8220;on|phone&#8220; transform_translate=&#8220;100px|0px&#8220; transform_translate_tablet=&#8220;100px|0px&#8220; transform_translate_phone=&#8220;30px|-40px&#8220; transform_translate_last_edited=&#8220;on|phone&#8220; transform_translate_linked=&#8220;off&#8220; transform_rotate_tablet=&#8220;&#8220; transform_rotate_phone=&#8220;&#8220; transform_rotate_last_edited=&#8220;on|phone&#8220; transform_skew_tablet=&#8220;&#8220; transform_skew_phone=&#8220;&#8220; transform_skew_last_edited=&#8220;on|phone&#8220; transform_origin_tablet=&#8220;&#8220; transform_origin_phone=&#8220;&#8220; transform_origin_last_edited=&#8220;on|phone&#8220; transform_styles_last_edited=&#8220;on|phone&#8220; width=&#8220;30%&#8220; width_tablet=&#8220;40%&#8220; width_phone=&#8220;55%&#8220; width_last_edited=&#8220;on|phone&#8220; module_alignment=&#8220;left&#8220; custom_margin=&#8220;||||false|false&#8220; animation_style=&#8220;bounce&#8220; animation_direction=&#8220;top&#8220; transform_styles_tablet=&#8220;&#8220; transform_styles_phone=&#8220;&#8220; global_colors_info=&#8220;{}&#8220; custom_css_main_element__hover_enabled=&#8220;off|desktop&#8220;][et_pb_column type=&#8220;4_4&#8243; _builder_version=&#8220;4.21.0&#8243; _module_preset=&#8220;default&#8220; background_color=&#8220;rgba(38,48,121,0.78)&#8220; transform_rotate=&#8220;0deg|0deg|350deg&#8220; border_radii=&#8220;on|25px|25px|25px|25px&#8220; border_width_all=&#8220;3px&#8220; border_color_all=&#8220;#FFFFFF&#8220; global_colors_info=&#8220;{}&#8220;][et_pb_text content_tablet=&#8220;<\/p>\n<h1>Liebe G\u00e4ste,<\/h1>\n<p><span>endlich ist der Fr\u00fchling da! Freut Euch auf richtig guten Kaffee, selbst hergestellte Torten, Kuchen, Windbeutel, Waffeln und Herzhaftes.<\/span><\/p>\n<p><span>%22Sommer-\u00d6ffnungszeiten%22<\/span><\/p>\n<p>&#8220; content_phone=&#8220;<\/p>\n<h1>Liebe G\u00e4ste,<\/h1>\n<p><span>endlich ist der Fr\u00fchling da! Freut Euch auf richtig guten Kaffee, selbst hergestellte Torten, Kuchen, Windbeutel, Waffeln und Herzhaftes.<\/span><\/p>\n<p><span>%22Sommer-\u00d6ffnungszeiten%22<\/span><\/p>\n<p>\u00a0<\/p>\n<p>&#8220; content_last_edited=&#8220;on|desktop&#8220; admin_label=&#8220;Text&#8220; _builder_version=&#8220;4.21.0&#8243; _module_preset=&#8220;default&#8220; text_font=&#8220;||||||||&#8220; link_font=&#8220;||||||||&#8220; background_enable_color=&#8220;off&#8220; transform_scale_tablet=&#8220;&#8220; transform_scale_phone=&#8220;&#8220; transform_scale_last_edited=&#8220;on|tablet&#8220; transform_translate_tablet=&#8220;&#8220; transform_translate_phone=&#8220;&#8220; transform_translate_last_edited=&#8220;on|desktop&#8220; transform_rotate_tablet=&#8220;&#8220; transform_rotate_phone=&#8220;&#8220; transform_rotate_last_edited=&#8220;on|desktop&#8220; transform_skew_tablet=&#8220;&#8220; transform_skew_phone=&#8220;&#8220; transform_skew_last_edited=&#8220;on|desktop&#8220; transform_origin_tablet=&#8220;&#8220; transform_origin_phone=&#8220;&#8220; transform_origin_last_edited=&#8220;on|desktop&#8220; transform_styles_last_edited=&#8220;on|desktop&#8220; text_orientation=&#8220;center&#8220; background_layout=&#8220;dark&#8220; width_tablet=&#8220;&#8220; width_phone=&#8220;&#8220; width_last_edited=&#8220;on|phone&#8220; custom_margin=&#8220;||||false|false&#8220; custom_padding=&#8220;10px|10px|10px|10px|false|false&#8220; custom_padding_last_edited=&#8220;off|desktop&#8220; animation_direction=&#8220;top&#8220; link_font_tablet=&#8220;||||||||&#8220; link_font_phone=&#8220;||||||||&#8220; link_font_last_edited=&#8220;on|desktop&#8220; transform_styles_tablet=&#8220;&#8220; transform_styles_phone=&#8220;&#8220; animation_direction_tablet=&#8220;top&#8220; animation_direction_phone=&#8220;top&#8220; animation_direction_last_edited=&#8220;on|desktop&#8220; global_colors_info=&#8220;{}&#8220; content__hover_enabled=&#8220;on|hover&#8220; content__hover=&#8220;<\/p>\n<h1>Liebe G\u00e4ste,<\/h1>\n<p><span>endlich ist der Fr\u00fchling da! Freut Euch auf richtig guten Kaffee, selbst hergestellte Torten, Kuchen, Windbeutel, Waffeln und Herzhaftes.<\/span><\/p>\n<p><span>%22Sommer-\u00d6ffnungszeiten%22<\/span><\/p>\n<p>&#8220; transform_styles__hover_enabled=&#8220;on|hover&#8220; transform_scale__hover_enabled=&#8220;on|desktop&#8220; transform_translate__hover_enabled=&#8220;on|desktop&#8220; transform_rotate__hover_enabled=&#8220;on|hover&#8220; transform_skew__hover_enabled=&#8220;on|desktop&#8220; transform_origin__hover_enabled=&#8220;on|desktop&#8220;]<\/p>\n<h1>Liebe G\u00e4ste,<\/h1>\n<p><span>endlich ist der Fr\u00fchling da! Freut Euch auf richtig guten Kaffee, selbst hergestellte Torten, Kuchen, Windbeutel, Waffeln und Herzhaftes.<\/span><\/p>\n<p><span>&#8222;Sommer-\u00d6ffnungszeiten&#8220;<\/span><span><\/span><\/p>\n<p>[\/et_pb_text][et_pb_button button_url=&#8220;#oeffnungsZeiten&#8220; button_text=&#8220;\u00d6ffnungszeiten: hier klicken!&#8220; button_alignment=&#8220;center&#8220; button_text_tablet=&#8220;\u00d6ffnungszeiten: hier klicken!&#8220; button_text_phone=&#8220;mehr&#8230;&#8220; button_text_last_edited=&#8220;on|phone&#8220; disabled_on=&#8220;off|off|off&#8220; _builder_version=&#8220;4.21.0&#8243; _module_preset=&#8220;default&#8220; custom_margin=&#8220;10px|10px|10px|10px|false|false&#8220; custom_margin_tablet=&#8220;10px|10px|10px|10px|false|false&#8220; custom_margin_phone=&#8220;|5px||5px|false|false&#8220; custom_margin_last_edited=&#8220;on|desktop&#8220; custom_padding=&#8220;||||false|false&#8220; custom_padding_tablet=&#8220;||||false|false&#8220; custom_padding_phone=&#8220;5px|5px|5px|5px|false|false&#8220; custom_padding_last_edited=&#8220;on|phone&#8220; global_colors_info=&#8220;{}&#8220;][\/et_pb_button][\/et_pb_column][\/et_pb_row][\/et_pb_section][et_pb_section fb_built=&#8220;1&#8243; admin_label=&#8220;Headline&#8220; _builder_version=&#8220;4.21.0&#8243; custom_margin=&#8220;0px||||false|false&#8220; custom_padding=&#8220;0px||||false|false&#8220; collapsed=&#8220;off&#8220; global_colors_info=&#8220;{}&#8220;][et_pb_row _builder_version=&#8220;4.21.0&#8243; _module_preset=&#8220;default&#8220; min_height=&#8220;243.5px&#8220; custom_margin=&#8220;-1px|auto||auto||&#8220; global_colors_info=&#8220;{}&#8220;][et_pb_column type=&#8220;4_4&#8243; _builder_version=&#8220;4.21.0&#8243; _module_preset=&#8220;default&#8220; global_colors_info=&#8220;{}&#8220;][et_pb_text _builder_version=&#8220;4.21.0&#8243; _module_preset=&#8220;default&#8220; global_colors_info=&#8220;{}&#8220;]<\/p>\n<h1 style=\"text-align: center;\"><span>\u201eR\u00fcm Hart, Klaar Kiming\u201c<\/span><br \/><span>\u201eWeites Herz, Klarer Horizont\u201c<\/span><\/h1>\n<p>[\/et_pb_text][et_pb_image src=&#8220;https:\/\/www.cafe-deichtraum.de\/wp-content\/uploads\/2023\/05\/muschel_wellen.png&#8220; title_text=&#8220;muschel_wellen&#8220; align=&#8220;center&#8220; disabled_on=&#8220;on|off|off&#8220; _builder_version=&#8220;4.21.0&#8243; _module_preset=&#8220;default&#8220; global_colors_info=&#8220;{}&#8220;][\/et_pb_image][\/et_pb_column][\/et_pb_row][\/et_pb_section][et_pb_section fb_built=&#8220;1&#8243; admin_label=&#8220;Textblock&#8220; _builder_version=&#8220;4.21.0&#8243; custom_margin=&#8220;0px||||false|false&#8220; custom_padding=&#8220;0px||||false|false&#8220; collapsed=&#8220;off&#8220; global_colors_info=&#8220;{}&#8220;][et_pb_row column_structure=&#8220;2_3,1_3&#8243; admin_label=&#8220;Zeile&#8220; _builder_version=&#8220;4.21.0&#8243; _module_preset=&#8220;default&#8220; custom_margin=&#8220;0px||0px||true|false&#8220; custom_padding=&#8220;0px||0px||true|false&#8220; global_colors_info=&#8220;{}&#8220;][et_pb_column type=&#8220;2_3&#8243; admin_label=&#8220;Spalte&#8220; _builder_version=&#8220;4.21.0&#8243; _module_preset=&#8220;default&#8220; global_colors_info=&#8220;{}&#8220;][et_pb_text _builder_version=&#8220;4.21.0&#8243; _module_preset=&#8220;default&#8220; custom_margin=&#8220;-5px|||||&#8220; hover_enabled=&#8220;0&#8243; global_colors_info=&#8220;{}&#8220; sticky_enabled=&#8220;0&#8243;]<\/p>\n<p>ist der nordfriesische Leitspruch schlechthin. Hier \u2013 ganz oben in Deutschland bekommt das Wort \u201eWeite\u201c eine ganz eigene Bedeutung. Entdecken Sie bei uns den einmaligen Lebensraum Wattenmeer, welcher seit Juni 2009 zum UNESCO-Weltnaturerbe z\u00e4hlt. Wir sind stolz darauf, diese tolle Naturlandschaft direkt vor der Haust\u00fcr zu haben und Sie an diesem Ort verw\u00f6hnen zu d\u00fcrfen.<\/p>\n<p>Wir stellen unsere Torten, Kuchen, Brote, Waffeln und Kekse mit \u201eHand und Herz\u201c in unserer kleinen Backstube immer frisch her.<\/p>\n<p>Genie\u00dfen Sie im Fr\u00fchling nach einem Spaziergang am Deich die ersten warmen Sonnenstrahlen im Strandkorb vorm Haus bei einem Cappuccino und einem St\u00fcck Tr\u00fcmmertorte oder kehren Sie w\u00e4hrend einer Radtour zu einer z\u00fcnftigen Brotzeit bei uns ein. Flammkuchen, Pizza und kleine Tagesgerichte runden unser Angebot ab.<\/p>\n<p>Im Sommer locken dann saisonale Eis-Spezialit\u00e4ten wie Erdbeerbecher, Eiskaffee und Sundowner Drinks.<\/p>\n<p>Und im Herbst\/Winter servieren wir Pharis\u00e4er, Tote Tante und Marzipan-Nusstorte sowie eine w\u00e4rmende Suppe vorm kuscheligen Kachelofen.<\/p>\n<p>Regelm\u00e4\u00dfige kleine, feine Veranstaltungen runden unser Angebot ab. Wir w\u00fcnschen Ihnen eine sch\u00f6ne Zeit bei uns, sollten Sie etwas vermissen, sprechen Sie uns gerne an.<\/p>\n<p><b>Ihr Team vom Caf\u00e9 Deichtraum<\/b><\/p>\n<p>[\/et_pb_text][\/et_pb_column][et_pb_column type=&#8220;1_3&#8243; _builder_version=&#8220;4.21.0&#8243; _module_preset=&#8220;default&#8220; global_colors_info=&#8220;{}&#8220;][et_pb_image src=&#8220;https:\/\/www.cafe-deichtraum.de\/wp-content\/uploads\/2023\/05\/torten_montage_2018_2019_563x370px.jpg&#8220; title_text=&#8220;torten_montage_2018_2019_563x370px&#8220; _builder_version=&#8220;4.21.0&#8243; _module_preset=&#8220;default&#8220; box_shadow_style=&#8220;preset2&#8243; global_colors_info=&#8220;{}&#8220;][\/et_pb_image][et_pb_image src=&#8220;https:\/\/www.cafedeichtraum.de\/wp-content\/uploads\/2026\/04\/collage_gerichte.jpg&#8220; title_text=&#8220;collage_gerichte&#8220; _builder_version=&#8220;4.21.0&#8243; _module_preset=&#8220;default&#8220; box_shadow_style=&#8220;preset2&#8243; global_colors_info=&#8220;{}&#8220;][\/et_pb_image][\/et_pb_column][\/et_pb_row][\/et_pb_section][et_pb_section fb_built=&#8220;1&#8243; admin_label=&#8220;Headline&#8220; _builder_version=&#8220;4.21.0&#8243; custom_margin=&#8220;0px||||false|false&#8220; custom_padding=&#8220;0px||||false|false&#8220; collapsed=&#8220;off&#8220; global_colors_info=&#8220;{}&#8220;][et_pb_row _builder_version=&#8220;4.21.0&#8243; _module_preset=&#8220;default&#8220; min_height=&#8220;243.5px&#8220; custom_margin=&#8220;-1px|auto||auto||&#8220; global_colors_info=&#8220;{}&#8220;][et_pb_column type=&#8220;4_4&#8243; _builder_version=&#8220;4.21.0&#8243; _module_preset=&#8220;default&#8220; global_colors_info=&#8220;{}&#8220;][et_pb_text _builder_version=&#8220;4.21.0&#8243; _module_preset=&#8220;default&#8220; global_colors_info=&#8220;{}&#8220;]<\/p>\n<h1 style=\"text-align: center;\"><span>Wir sind \u00fcberrascht und stolz zugleich&#8230;<\/span><\/h1>\n<p>[\/et_pb_text][et_pb_image src=&#8220;https:\/\/www.cafe-deichtraum.de\/wp-content\/uploads\/2023\/05\/muschel_wellen.png&#8220; title_text=&#8220;muschel_wellen&#8220; align=&#8220;center&#8220; disabled_on=&#8220;on|off|off&#8220; _builder_version=&#8220;4.21.0&#8243; _module_preset=&#8220;default&#8220; global_colors_info=&#8220;{}&#8220;][\/et_pb_image][\/et_pb_column][\/et_pb_row][\/et_pb_section][et_pb_section fb_built=&#8220;1&#8243; admin_label=&#8220;Textblock&#8220; _builder_version=&#8220;4.21.0&#8243; custom_margin=&#8220;0px||||false|false&#8220; custom_padding=&#8220;0px||||false|false&#8220; collapsed=&#8220;off&#8220; global_colors_info=&#8220;{}&#8220;][et_pb_row column_structure=&#8220;1_3,2_3&#8243; _builder_version=&#8220;4.21.0&#8243; _module_preset=&#8220;default&#8220; custom_margin=&#8220;0px||0px||true|false&#8220; custom_padding=&#8220;0px||0px||true|false&#8220; global_colors_info=&#8220;{}&#8220;][et_pb_column type=&#8220;1_3&#8243; _builder_version=&#8220;4.21.0&#8243; _module_preset=&#8220;default&#8220; global_colors_info=&#8220;{}&#8220;][et_pb_image src=&#8220;https:\/\/www.cafe-deichtraum.de\/wp-content\/uploads\/2023\/05\/RestaurantGuru_Collage_2022_neu.png&#8220; title_text=&#8220;RestaurantGuru_Collage_2022_neu&#8220; _builder_version=&#8220;4.21.0&#8243; _module_preset=&#8220;default&#8220; box_shadow_style=&#8220;preset2&#8243; global_colors_info=&#8220;{}&#8220;][\/et_pb_image][\/et_pb_column][et_pb_column type=&#8220;2_3&#8243; _builder_version=&#8220;4.21.0&#8243; _module_preset=&#8220;default&#8220; global_colors_info=&#8220;{}&#8220;][et_pb_text _builder_version=&#8220;4.21.0&#8243; _module_preset=&#8220;default&#8220; custom_margin=&#8220;-5px|||||&#8220; global_colors_info=&#8220;{}&#8220;]<\/p>\n<p><span>Vielen Dank an alle unsere G\u00e4ste, die uns 2020, 2021 und 2022 so toll bewertet haben!<\/span><\/p>\n<p>[\/et_pb_text][\/et_pb_column][\/et_pb_row][\/et_pb_section][et_pb_section fb_built=&#8220;1&#8243; admin_label=&#8220;Infobox&#8220; _builder_version=&#8220;4.21.0&#8243; custom_margin=&#8220;0px||||false|false&#8220; custom_padding=&#8220;0px||||false|false&#8220; collapsed=&#8220;off&#8220; global_colors_info=&#8220;{}&#8220;][et_pb_row _builder_version=&#8220;4.21.0&#8243; _module_preset=&#8220;default&#8220; global_colors_info=&#8220;{}&#8220;][et_pb_column type=&#8220;4_4&#8243; _builder_version=&#8220;4.21.0&#8243; _module_preset=&#8220;default&#8220; global_colors_info=&#8220;{}&#8220;][et_pb_text _builder_version=&#8220;4.21.0&#8243; _module_preset=&#8220;default&#8220; background_color=&#8220;#f9eedb&#8220; custom_padding=&#8220;20px|20px|20px|20px|true|true&#8220; border_radii=&#8220;on|3px|3px|3px|3px&#8220; border_width_all=&#8220;2px&#8220; border_color_all=&#8220;#7c715b&#8220; global_colors_info=&#8220;{}&#8220;]<\/p>\n<p style=\"text-align: center;\">Wir vom Caf\u00e9 Deichtraum-Team freuen uns, Sie bei uns begr\u00fc\u00dfen zu d\u00fcrfen. Auf Sie warten tolle Torten, leckere Brotzeiten, k\u00f6stliche Waffeln und w\u00e4rmende Suppen in unserem gem\u00fctlichen Caf\u00e9 hinterm Deich.<\/p>\n<p style=\"text-align: center;\">Bei sch\u00f6nem Wetter machen Sie es sich einfach vorm Haus im Strandkorb bequem.<\/p>\n<p>[\/et_pb_text][\/et_pb_column][\/et_pb_row][\/et_pb_section]<\/p>\n","protected":false},"excerpt":{"rendered":"<p>Liebe G\u00e4ste, endlich ist der Fr\u00fchling da! Freut Euch auf richtig guten Kaffee, selbst hergestellte Torten, Kuchen, Windbeutel, Waffeln und Herzhaftes. &#8222;Sommer-\u00d6ffnungszeiten&#8220;\u201eR\u00fcm Hart, Klaar Kiming\u201c\u201eWeites Herz, Klarer Horizont\u201cist der nordfriesische Leitspruch schlechthin. Hier \u2013 ganz oben in Deutschland bekommt das Wort \u201eWeite\u201c eine ganz eigene Bedeutung. Entdecken Sie bei uns den einmaligen Lebensraum Wattenmeer, welcher [&hellip;]<\/p>\n","protected":false},"author":1,"featured_media":0,"parent":0,"menu_order":0,"comment_status":"closed","ping_status":"open","template":"","meta":{"_et_pb_use_builder":"on","_et_pb_old_content":"<!-- wp:paragraph -->\n<p>Dies ist eine Beispiel-Seite. Sie unterscheidet sich von Beitr\u00e4gen, da sie stets an derselben Stelle bleibt und (bei den meisten Themes) in der Website-Navigation angezeigt wird. Die meisten starten mit einem Impressum, der Datenschutzerkl\u00e4rung oder einer \u201e\u00dcber&nbsp;uns\u201c-Seite, um sich potenziellen Besuchern der Website vorzustellen. Dort k\u00f6nnte zum Beispiel stehen:<\/p>\n<!-- \/wp:paragraph -->\n\n<!-- wp:quote -->\n<blockquote class=\"wp-block-quote\"><!-- wp:paragraph -->\n<p>Hallo! Tags\u00fcber arbeite ich als Fahrradkurier, nachts bin ich ein aufstrebender Schauspieler und dies hier ist meine Website. Ich lebe in Berlin, habe einen gro\u00dfen Hund namens Jack, mag Pi\u00f1a Coladas, jedoch weniger (ohne Schirm) im Regen stehen gelassen zu werden.<\/p>\n<!-- \/wp:paragraph --><\/blockquote>\n<!-- \/wp:quote -->\n\n<!-- wp:paragraph -->\n<p>...&nbsp;oder so etwas wie:<\/p>\n<!-- \/wp:paragraph -->\n\n<!-- wp:quote -->\n<blockquote class=\"wp-block-quote\"><!-- wp:paragraph -->\n<p>Das Unternehmen XYZ wurde 1971 gegr\u00fcndet und versorgt die \u00d6ffentlichkeit seither mit qualitativ hochwertigen Produkten. An seinem Standort in einer kleinen Gro\u00dfstadt besch\u00e4ftigt der Betrieb \u00fcber 2.000 Menschen und unterst\u00fctzt die Stadtbewohner in vielfacher Hinsicht.<\/p>\n<!-- \/wp:paragraph --><\/blockquote>\n<!-- \/wp:quote -->\n\n<!-- wp:paragraph -->\n<p>Als neuer WordPress-Benutzer solltest du <a href=\"https:\/\/resign.cafedeichtraum.de\/wp-admin\/\">dein Dashboard<\/a> aufrufen, um diese Seite zu l\u00f6schen und neue Seiten und Beitr\u00e4ge f\u00fcr deine Website erstellen. Viel Spa\u00df!<\/p>\n<!-- \/wp:paragraph -->","_et_gb_content_width":"","footnotes":""},"class_list":["post-2","page","type-page","status-publish","hentry"],"_links":{"self":[{"href":"https:\/\/www.cafedeichtraum.de\/index.php?rest_route=\/wp\/v2\/pages\/2","targetHints":{"allow":["GET"]}}],"collection":[{"href":"https:\/\/www.cafedeichtraum.de\/index.php?rest_route=\/wp\/v2\/pages"}],"about":[{"href":"https:\/\/www.cafedeichtraum.de\/index.php?rest_route=\/wp\/v2\/types\/page"}],"author":[{"embeddable":true,"href":"https:\/\/www.cafedeichtraum.de\/index.php?rest_route=\/wp\/v2\/users\/1"}],"replies":[{"embeddable":true,"href":"https:\/\/www.cafedeichtraum.de\/index.php?rest_route=%2Fwp%2Fv2%2Fcomments&post=2"}],"version-history":[{"count":134,"href":"https:\/\/www.cafedeichtraum.de\/index.php?rest_route=\/wp\/v2\/pages\/2\/revisions"}],"predecessor-version":[{"id":684,"href":"https:\/\/www.cafedeichtraum.de\/index.php?rest_route=\/wp\/v2\/pages\/2\/revisions\/684"}],"wp:attachment":[{"href":"https:\/\/www.cafedeichtraum.de\/index.php?rest_route=%2Fwp%2Fv2%2Fmedia&parent=2"}],"curies":[{"name":"wp","href":"https:\/\/api.w.org\/{rel}","templated":true}]}}