{"id":239,"date":"2023-05-19T12:06:04","date_gmt":"2023-05-19T10:06:04","guid":{"rendered":"https:\/\/resign.cafe-deichtraum.de\/?page_id=239"},"modified":"2025-04-01T15:08:22","modified_gmt":"2025-04-01T13:08:22","slug":"shop","status":"publish","type":"page","link":"https:\/\/www.cafedeichtraum.de\/?page_id=239","title":{"rendered":"Shop"},"content":{"rendered":"<p>[et_pb_section fb_built=&#8220;1&#8243; disabled_on=&#8220;off|off|off&#8220; admin_label=&#8220;Header Motiv Mobile&#8220; _builder_version=&#8220;4.21.0&#8243; _module_preset=&#8220;default&#8220; background_image=&#8220;https:\/\/www.cafe-deichtraum.de\/wp-content\/uploads\/2023\/05\/header_mitbringsel_2560x700px.jpg&#8220; background_position=&#8220;bottom_center&#8220; hover_enabled=&#8220;0&#8243; box_shadow_style=&#8220;preset3&#8243; global_module=&#8220;248&#8243; saved_tabs=&#8220;all&#8220; global_colors_info=&#8220;{}&#8220; title_text=&#8220;header_mitbringsel_2560x700px&#8220; sticky_enabled=&#8220;0&#8243;][et_pb_row _builder_version=&#8220;4.21.0&#8243; _module_preset=&#8220;default&#8220; width=&#8220;90%&#8220; min_height=&#8220;420px&#8220; global_colors_info=&#8220;{}&#8220;][et_pb_column type=&#8220;4_4&#8243; _builder_version=&#8220;4.21.0&#8243; _module_preset=&#8220;default&#8220; global_colors_info=&#8220;{}&#8220;][\/et_pb_column][\/et_pb_row][\/et_pb_section][et_pb_section fb_built=&#8220;1&#8243; admin_label=&#8220;Headline&#8220; _builder_version=&#8220;4.21.0&#8243; custom_margin=&#8220;0px||||false|false&#8220; custom_padding=&#8220;0px||||false|false&#8220; collapsed=&#8220;off&#8220; global_colors_info=&#8220;{}&#8220;][et_pb_row _builder_version=&#8220;4.21.0&#8243; _module_preset=&#8220;default&#8220; min_height=&#8220;243.5px&#8220; custom_margin=&#8220;-1px|auto||auto||&#8220; global_colors_info=&#8220;{}&#8220;][et_pb_column type=&#8220;4_4&#8243; _builder_version=&#8220;4.21.0&#8243; _module_preset=&#8220;default&#8220; global_colors_info=&#8220;{}&#8220;][et_pb_text _builder_version=&#8220;4.21.0&#8243; _module_preset=&#8220;default&#8220; global_colors_info=&#8220;{}&#8220;]<\/p>\n<h1 style=\"text-align: center;\"><span>\u201eMitbringsel\u201c<\/span><\/h1>\n<p>[\/et_pb_text][et_pb_image src=&#8220;https:\/\/www.cafe-deichtraum.de\/wp-content\/uploads\/2023\/05\/muschel_wellen.png&#8220; title_text=&#8220;muschel_wellen&#8220; align=&#8220;center&#8220; disabled_on=&#8220;on|off|off&#8220; _builder_version=&#8220;4.21.0&#8243; _module_preset=&#8220;default&#8220; global_colors_info=&#8220;{}&#8220;][\/et_pb_image][\/et_pb_column][\/et_pb_row][\/et_pb_section][et_pb_section fb_built=&#8220;1&#8243; admin_label=&#8220;Textblock&#8220; _builder_version=&#8220;4.21.0&#8243; custom_margin=&#8220;0px||||false|false&#8220; custom_padding=&#8220;0px||||false|false&#8220; collapsed=&#8220;off&#8220; global_colors_info=&#8220;{}&#8220;][et_pb_row column_structure=&#8220;2_3,1_3&#8243; _builder_version=&#8220;4.21.0&#8243; _module_preset=&#8220;default&#8220; global_colors_info=&#8220;{}&#8220;][et_pb_column type=&#8220;2_3&#8243; _builder_version=&#8220;4.21.0&#8243; _module_preset=&#8220;default&#8220; global_colors_info=&#8220;{}&#8220;][et_pb_text _builder_version=&#8220;4.21.0&#8243; _module_preset=&#8220;default&#8220; global_colors_info=&#8220;{}&#8220;]<\/p>\n<p>In unserem ausgesuchten und stetig wechselnden Sortiment k\u00f6nnen Sie nach herzenslust st\u00f6bern und tolle Mitbringsel f\u00fcr sich und Ihre Lieben entdecken.<\/p>\n<p>Von der Postkarte \u00fcber B\u00fccher bis hin zu handgefertigten Notizb\u00fcchern, Schafmilchseife, Kissen, tolle Becher reicht unser Angebot.<\/p>\n<p>Kulinarisch bieten wir Ihnen selbst hergestellten Fruchtaufstrich, Kekse und Hochprozentiges.<\/p>\n<p>[\/et_pb_text][et_pb_image src=&#8220;https:\/\/www.cafe-deichtraum.de\/wp-content\/uploads\/2023\/05\/kekse_deichtaler_schoko_twister-scaled.jpg&#8220; title_text=&#8220;kekse_deichtaler_schoko_twister&#8220; align=&#8220;center&#8220; _builder_version=&#8220;4.21.0&#8243; _module_preset=&#8220;default&#8220; max_width=&#8220;60%&#8220; box_shadow_style=&#8220;preset2&#8243; global_colors_info=&#8220;{}&#8220;][\/et_pb_image][\/et_pb_column][et_pb_column type=&#8220;1_3&#8243; _builder_version=&#8220;4.21.0&#8243; _module_preset=&#8220;default&#8220; global_colors_info=&#8220;{}&#8220;][et_pb_image src=&#8220;https:\/\/www.cafe-deichtraum.de\/wp-content\/uploads\/2023\/05\/1321f430-14ae-41ec-92db-5bc065baf2a7.jpg&#8220; title_text=&#8220;1321f430-14ae-41ec-92db-5bc065baf2a7&#8243; _builder_version=&#8220;4.21.0&#8243; _module_preset=&#8220;default&#8220; box_shadow_style=&#8220;preset2&#8243; global_colors_info=&#8220;{}&#8220;][\/et_pb_image][et_pb_image src=&#8220;https:\/\/www.cafe-deichtraum.de\/wp-content\/uploads\/2023\/05\/krimikiste.jpg&#8220; title_text=&#8220;krimikiste&#8220; _builder_version=&#8220;4.21.0&#8243; _module_preset=&#8220;default&#8220; box_shadow_style=&#8220;preset2&#8243; global_colors_info=&#8220;{}&#8220;][\/et_pb_image][et_pb_image src=&#8220;https:\/\/www.cafe-deichtraum.de\/wp-content\/uploads\/2023\/05\/IMG_4047.jpg&#8220; title_text=&#8220;IMG_4047&#8243; _builder_version=&#8220;4.21.0&#8243; _module_preset=&#8220;default&#8220; box_shadow_style=&#8220;preset2&#8243; global_colors_info=&#8220;{}&#8220;][\/et_pb_image][\/et_pb_column][\/et_pb_row][\/et_pb_section]<\/p>\n","protected":false},"excerpt":{"rendered":"<p>\u201eMitbringsel\u201cIn unserem ausgesuchten und stetig wechselnden Sortiment k\u00f6nnen Sie nach herzenslust st\u00f6bern und tolle Mitbringsel f\u00fcr sich und Ihre Lieben entdecken. Von der Postkarte \u00fcber B\u00fccher bis hin zu handgefertigten Notizb\u00fcchern, Schafmilchseife, Kissen, tolle Becher reicht unser Angebot. Kulinarisch bieten wir Ihnen selbst hergestellten Fruchtaufstrich, Kekse und Hochprozentiges.<\/p>\n","protected":false},"author":3,"featured_media":0,"parent":0,"menu_order":0,"comment_status":"closed","ping_status":"closed","template":"","meta":{"_et_pb_use_builder":"on","_et_pb_old_content":"","_et_gb_content_width":"","footnotes":""},"class_list":["post-239","page","type-page","status-publish","hentry"],"_links":{"self":[{"href":"https:\/\/www.cafedeichtraum.de\/index.php?rest_route=\/wp\/v2\/pages\/239","targetHints":{"allow":["GET"]}}],"collection":[{"href":"https:\/\/www.cafedeichtraum.de\/index.php?rest_route=\/wp\/v2\/pages"}],"about":[{"href":"https:\/\/www.cafedeichtraum.de\/index.php?rest_route=\/wp\/v2\/types\/page"}],"author":[{"embeddable":true,"href":"https:\/\/www.cafedeichtraum.de\/index.php?rest_route=\/wp\/v2\/users\/3"}],"replies":[{"embeddable":true,"href":"https:\/\/www.cafedeichtraum.de\/index.php?rest_route=%2Fwp%2Fv2%2Fcomments&post=239"}],"version-history":[{"count":7,"href":"https:\/\/www.cafedeichtraum.de\/index.php?rest_route=\/wp\/v2\/pages\/239\/revisions"}],"predecessor-version":[{"id":545,"href":"https:\/\/www.cafedeichtraum.de\/index.php?rest_route=\/wp\/v2\/pages\/239\/revisions\/545"}],"wp:attachment":[{"href":"https:\/\/www.cafedeichtraum.de\/index.php?rest_route=%2Fwp%2Fv2%2Fmedia&parent=239"}],"curies":[{"name":"wp","href":"https:\/\/api.w.org\/{rel}","templated":true}]}}